{"id":16754,"date":"2023-02-15T16:21:53","date_gmt":"2023-02-15T22:21:53","guid":{"rendered":"https:\/\/lacontravinos.com\/merida\/product\/vinaltura-ad-gw-ance\/"},"modified":"2024-05-24T21:10:40","modified_gmt":"2024-05-25T03:10:40","slug":"vinaltura-ad-gw-ance","status":"publish","type":"product","link":"https:\/\/lacontravinos.com\/merida\/product\/vinaltura-ad-gw-ance\/","title":{"rendered":"GW Ancestral"},"content":{"rendered":"","protected":false},"excerpt":{"rendered":"","protected":false},"featured_media":15776,"comment_status":"open","ping_status":"closed","template":"","meta":{"ngg_post_thumbnail":0,"spay_email":"","jetpack_publicize_message":"","jetpack_is_tweetstorm":false,"jetpack_publicize_feature_enabled":true},"product_cat":[272,15,114,300],"product_tag":[],"class_list":["post-16754","product","type-product","status-publish","has-post-thumbnail","hentry","product_brand-vinaltura","product_cat-vinicola-vinaltura","product_cat-los-vinos-mexicanos","product_cat-vino-espumoso-mexicano","product_cat-zona-vitivinicola-de-queretaro"],"jetpack-related-posts":[{"id":16751,"url":"https:\/\/lacontravinos.com\/merida\/product\/vinaltura-ad-gw-dulc\/","url_meta":{"origin":16754,"position":0},"title":"GW Dulce","date":"15 febrero, 2023","format":false,"excerpt":"","rel":"","context":"Entrada similar ","img":{"alt_text":"","src":"","width":0,"height":0},"classes":[]},{"id":15552,"url":"https:\/\/lacontravinos.com\/merida\/product\/vinaltura-ad-gw-meto\/","url_meta":{"origin":16754,"position":1},"title":"GW Tradicional","date":"14 marzo, 2022","format":false,"excerpt":"Regi\u00f3n Valle de Col\u00f3n, Quer\u00e9taro, M\u00e9xico Vinicultura Hans Duer Variedad(es) Gew\u00fcrztraminer A\u00f1ejamiento 6 meses en contacto con l\u00edas durante segunda fermentaci\u00f3n A\u00f1ada A\/D","rel":"","context":"Entrada similar ","img":{"alt_text":"","src":"https:\/\/i0.wp.com\/lacontravinos.com\/merida\/wp-content\/uploads\/2022\/08\/Vinaltura-GW-Espumoso-1.png?fit=801%2C1200&ssl=1&resize=350%2C200","width":350,"height":200},"classes":[]},{"id":15551,"url":"https:\/\/lacontravinos.com\/merida\/product\/vinaltura-ad-gewustr\/","url_meta":{"origin":16754,"position":2},"title":"GW","date":"14 marzo, 2022","format":false,"excerpt":"Regi\u00f3n Valle de Col\u00f3n, Quer\u00e9taro, M\u00e9xico Vinicultura Hans Duer Variedad(es) Gew\u00fcrztraminer A\u00f1ejamiento Sin contacto con barrica A\u00f1ada 2020","rel":"","context":"Entrada similar ","img":{"alt_text":"","src":"https:\/\/i0.wp.com\/lacontravinos.com\/merida\/wp-content\/uploads\/2022\/08\/Vinaltura-GW-1.png?fit=801%2C1200&ssl=1&resize=350%2C200","width":350,"height":200},"classes":[]}],"_links":{"self":[{"href":"https:\/\/lacontravinos.com\/merida\/wp-json\/wp\/v2\/product\/16754","targetHints":{"allow":["GET"]}}],"collection":[{"href":"https:\/\/lacontravinos.com\/merida\/wp-json\/wp\/v2\/product"}],"about":[{"href":"https:\/\/lacontravinos.com\/merida\/wp-json\/wp\/v2\/types\/product"}],"replies":[{"embeddable":true,"href":"https:\/\/lacontravinos.com\/merida\/wp-json\/wp\/v2\/comments?post=16754"}],"wp:featuredmedia":[{"embeddable":true,"href":"https:\/\/lacontravinos.com\/merida\/wp-json\/wp\/v2\/media\/15776"}],"wp:attachment":[{"href":"https:\/\/lacontravinos.com\/merida\/wp-json\/wp\/v2\/media?parent=16754"}],"wp:term":[{"taxonomy":"product_cat","embeddable":true,"href":"https:\/\/lacontravinos.com\/merida\/wp-json\/wp\/v2\/product_cat?post=16754"},{"taxonomy":"product_tag","embeddable":true,"href":"https:\/\/lacontravinos.com\/merida\/wp-json\/wp\/v2\/product_tag?post=16754"}],"curies":[{"name":"wp","href":"https:\/\/api.w.org\/{rel}","templated":true}]}}