{"id":11408,"date":"2021-10-13T13:17:18","date_gmt":"2021-10-13T18:17:18","guid":{"rendered":"https:\/\/contravinos.pcbtroniks.com\/product\/aborigen-ad-p-125-bordalesa-1\/"},"modified":"2024-05-24T21:04:44","modified_gmt":"2024-05-25T03:04:44","slug":"aborigen-ad-p-125-bordalesa-1","status":"publish","type":"product","link":"https:\/\/lacontravinos.com\/merida\/product\/aborigen-ad-p-125-bordalesa-1\/","title":{"rendered":"P125 Bordalesa 1"},"content":{"rendered":"","protected":false},"excerpt":{"rendered":"<p><strong>Regi\u00f3n<\/strong><br \/>\nValle de Guadalupe, B.C. M\u00e9xico<\/p>\n<p><strong>Vinicultura<\/strong><br \/>\nHugo D\u2019Acosta, Lucas D&#8217;Acosta&nbsp;<\/p>\n<p><strong>Variedad(es)<\/strong><br \/>\n<span data-sheets-value=\"{&quot;1&quot;:2,&quot;2&quot;:&quot;70% Merlot 30% Cabernet Sauvignon&quot;}\" data-sheets-userformat=\"{&quot;2&quot;:15357,&quot;3&quot;:{&quot;1&quot;:0},&quot;5&quot;:{&quot;1&quot;:[{&quot;1&quot;:2,&quot;2&quot;:0,&quot;5&quot;:{&quot;1&quot;:2,&quot;2&quot;:0}},{&quot;1&quot;:0,&quot;2&quot;:0,&quot;3&quot;:3},{&quot;1&quot;:1,&quot;2&quot;:0,&quot;4&quot;:1}]},&quot;6&quot;:{&quot;1&quot;:[{&quot;1&quot;:2,&quot;2&quot;:0,&quot;5&quot;:{&quot;1&quot;:2,&quot;2&quot;:0}},{&quot;1&quot;:0,&quot;2&quot;:0,&quot;3&quot;:3},{&quot;1&quot;:1,&quot;2&quot;:0,&quot;4&quot;:1}]},&quot;7&quot;:{&quot;1&quot;:[{&quot;1&quot;:2,&quot;2&quot;:0,&quot;5&quot;:{&quot;1&quot;:2,&quot;2&quot;:0}},{&quot;1&quot;:0,&quot;2&quot;:0,&quot;3&quot;:3},{&quot;1&quot;:1,&quot;2&quot;:0,&quot;4&quot;:1}]},&quot;8&quot;:{&quot;1&quot;:[{&quot;1&quot;:2,&quot;2&quot;:0,&quot;5&quot;:{&quot;1&quot;:2,&quot;2&quot;:0}},{&quot;1&quot;:0,&quot;2&quot;:0,&quot;3&quot;:3},{&quot;1&quot;:1,&quot;2&quot;:0,&quot;4&quot;:1}]},&quot;9&quot;:1,&quot;10&quot;:1,&quot;11&quot;:4,&quot;12&quot;:0,&quot;14&quot;:{&quot;1&quot;:3,&quot;3&quot;:1},&quot;15&quot;:&quot;Calibri&quot;,&quot;16&quot;:13}\">70% Merlot 30% Cabernet Sauvignon<\/span><\/p>\n<p><strong>A\u00f1ejamiento<br \/>\n<\/strong>Sin contacto con barrica<\/p>\n<p><strong>A\u00f1ada<\/strong><\/p>\n","protected":false},"featured_media":16103,"comment_status":"open","ping_status":"closed","template":"","meta":{"ngg_post_thumbnail":0,"spay_email":"","jetpack_publicize_message":"","jetpack_is_tweetstorm":false,"jetpack_publicize_feature_enabled":true},"product_cat":[344,210,15,64,295],"product_tag":[58,310,311,75,356],"class_list":["post-11408","product","type-product","status-publish","has-post-thumbnail","hentry","product_brand-aborigen","product_cat-canjeo-de-recompensas","product_cat-vinicola-aborigen","product_cat-los-vinos-mexicanos","product_cat-vino-tinto-mexicano","product_cat-valle-de-guadalupe","product_tag-cabernet-sauvignon","product_tag-hugo-dacosta","product_tag-lucas-dacosta","product_tag-merlot","product_tag-proyecto-125"],"jetpack-related-posts":[{"id":11409,"url":"https:\/\/lacontravinos.com\/merida\/product\/aborigen-ad-p-125-bordalesa-2\/","url_meta":{"origin":11408,"position":0},"title":"P125 Bordalesa 2","date":"13 octubre, 2021","format":false,"excerpt":"Regi\u00f3n Valle de Guadalupe, B.C. M\u00e9xico Vinicultura Hugo D\u2019Acosta \/ Lucas D'Acosta\u00a0 Variedad(es) 50% Cabernet Sauvignon, 50% Merlot A\u00f1ejamiento Sin contacto con barrica A\u00f1ada","rel":"","context":"Entrada similar ","img":{"alt_text":"","src":"https:\/\/i0.wp.com\/lacontravinos.com\/merida\/wp-content\/uploads\/2022\/08\/Bordalesa-2-2.png?fit=801%2C1200&ssl=1&resize=350%2C200","width":350,"height":200},"classes":[]},{"id":11581,"url":"https:\/\/lacontravinos.com\/merida\/product\/aborigen-ad-p-125-bordalesa-3\/","url_meta":{"origin":11408,"position":1},"title":"P125 Bordalesa 3","date":"13 octubre, 2021","format":false,"excerpt":"Regi\u00f3n Valle de Guadalupe, B.C. M\u00e9xico Vinicultura Hugo D\u2019Acosta \/ Lucas D'Acosta\u00a0 Variedad(es) 30% Merlot, 70% Tempranillo A\u00f1ejamiento Sin contacto con barrica A\u00f1ada","rel":"","context":"Entrada similar ","img":{"alt_text":"","src":"https:\/\/i0.wp.com\/lacontravinos.com\/merida\/wp-content\/uploads\/2022\/08\/Mediterraneo-2-2.png?fit=801%2C1200&ssl=1&resize=350%2C200","width":350,"height":200},"classes":[]},{"id":11336,"url":"https:\/\/lacontravinos.com\/merida\/product\/aborigen-ad-p-125-riojano-1\/","url_meta":{"origin":11408,"position":2},"title":"P125 Riojano 1","date":"13 octubre, 2021","format":false,"excerpt":"Regi\u00f3n Valle de Guadalupe, B.C. M\u00e9xico Vinicultura Hugo D\u2019Acosta \/ Lucas D'Acosta Variedad(es) 30% Tempranillo, 70% Grenache A\u00f1ejamiento Sin contacto con barrica A\u00f1ada A\/D","rel":"","context":"Entrada similar ","img":{"alt_text":"","src":"https:\/\/i0.wp.com\/lacontravinos.com\/merida\/wp-content\/uploads\/2022\/08\/Riojano-2-1.png?fit=801%2C1200&ssl=1&resize=350%2C200","width":350,"height":200},"classes":[]},{"id":11199,"url":"https:\/\/lacontravinos.com\/merida\/product\/aborigen-ad-p-125-rodano-1\/","url_meta":{"origin":11408,"position":3},"title":"P125 Rodano 1","date":"13 octubre, 2021","format":false,"excerpt":"Regi\u00f3n Valle de Guadalupe, B.C. M\u00e9xico Vinicultura Hugo D\u2019Acosta \/ Lucas D\u2019Acosta\u00a0 Variedad(es) 60% Grenache, 30% Carignan, 10% Petite Sirah A\u00f1ejamiento Sin contacto con barrica A\u00f1ada A\/D","rel":"","context":"Entrada similar ","img":{"alt_text":"","src":"https:\/\/i0.wp.com\/lacontravinos.com\/merida\/wp-content\/uploads\/2022\/08\/Rodano-1-2.png?fit=801%2C1200&ssl=1&resize=350%2C200","width":350,"height":200},"classes":[]},{"id":11382,"url":"https:\/\/lacontravinos.com\/merida\/product\/aborigen-ad-p-125-mediterraneo\/","url_meta":{"origin":11408,"position":4},"title":"P125 Mediterraneo 1","date":"13 octubre, 2021","format":false,"excerpt":"Regi\u00f3n Valle de Guadalupe, B.C. M\u00e9xico Vinicultura Hugo D\u2019Acosta \/ Lucas D'Acosta Variedad(es) 50% Tempranillo, 30% Zinfandel, 20% Mourv\u00e9dre A\u00f1ejamiento Sin contacto con barrica A\u00f1ada","rel":"","context":"Entrada similar ","img":{"alt_text":"","src":"https:\/\/i0.wp.com\/lacontravinos.com\/merida\/wp-content\/uploads\/2022\/08\/Mediterraneo-1-2.png?fit=801%2C1200&ssl=1&resize=350%2C200","width":350,"height":200},"classes":[]},{"id":11323,"url":"https:\/\/lacontravinos.com\/merida\/product\/aborigen-ad-p-125-riojano-2\/","url_meta":{"origin":11408,"position":5},"title":"P125 Riojano 2","date":"13 octubre, 2021","format":false,"excerpt":"Regi\u00f3n Valle de Guadalupe, B.C. M\u00e9xico Vinicultura Hugo D\u2019Acosta \/ Lucas D'Acosta\u00a0 Variedad(es) 50% Tempranillo, 50% Grenache A\u00f1ejamiento Sin contacto con barrica A\u00f1ada A\/D","rel":"","context":"Entrada similar ","img":{"alt_text":"","src":"https:\/\/i0.wp.com\/lacontravinos.com\/merida\/wp-content\/uploads\/2022\/08\/Riojano-2-2.png?fit=801%2C1200&ssl=1&resize=350%2C200","width":350,"height":200},"classes":[]}],"_links":{"self":[{"href":"https:\/\/lacontravinos.com\/merida\/wp-json\/wp\/v2\/product\/11408","targetHints":{"allow":["GET"]}}],"collection":[{"href":"https:\/\/lacontravinos.com\/merida\/wp-json\/wp\/v2\/product"}],"about":[{"href":"https:\/\/lacontravinos.com\/merida\/wp-json\/wp\/v2\/types\/product"}],"replies":[{"embeddable":true,"href":"https:\/\/lacontravinos.com\/merida\/wp-json\/wp\/v2\/comments?post=11408"}],"wp:featuredmedia":[{"embeddable":true,"href":"https:\/\/lacontravinos.com\/merida\/wp-json\/wp\/v2\/media\/16103"}],"wp:attachment":[{"href":"https:\/\/lacontravinos.com\/merida\/wp-json\/wp\/v2\/media?parent=11408"}],"wp:term":[{"taxonomy":"product_cat","embeddable":true,"href":"https:\/\/lacontravinos.com\/merida\/wp-json\/wp\/v2\/product_cat?post=11408"},{"taxonomy":"product_tag","embeddable":true,"href":"https:\/\/lacontravinos.com\/merida\/wp-json\/wp\/v2\/product_tag?post=11408"}],"curies":[{"name":"wp","href":"https:\/\/api.w.org\/{rel}","templated":true}]}}