{"id":11207,"date":"2021-10-13T13:16:52","date_gmt":"2021-10-13T18:16:52","guid":{"rendered":"https:\/\/contravinos.pcbtroniks.com\/product\/pasini-ad-artigiano-tempranillo-cab-sauv\/"},"modified":"2024-05-24T21:03:12","modified_gmt":"2024-05-25T03:03:12","slug":"pasini-ad-artigiano-tempranillo-cab-sauv","status":"publish","type":"product","link":"https:\/\/lacontravinos.com\/merida\/product\/pasini-ad-artigiano-tempranillo-cab-sauv\/","title":{"rendered":"ArtigianoTempranillo"},"content":{"rendered":"","protected":false},"excerpt":{"rendered":"<p><strong>Regi\u00f3n<\/strong><br \/>\n<span data-sheets-value=\"{&quot;1&quot;:2,&quot;2&quot;:&quot;San Antonio de las Minas, B.C. M\u00e9xico&quot;}\" data-sheets-userformat=\"{&quot;2&quot;:15357,&quot;3&quot;:{&quot;1&quot;:0},&quot;5&quot;:{&quot;1&quot;:[{&quot;1&quot;:2,&quot;2&quot;:0,&quot;5&quot;:{&quot;1&quot;:2,&quot;2&quot;:0}},{&quot;1&quot;:0,&quot;2&quot;:0,&quot;3&quot;:3},{&quot;1&quot;:1,&quot;2&quot;:0,&quot;4&quot;:1}]},&quot;6&quot;:{&quot;1&quot;:[{&quot;1&quot;:2,&quot;2&quot;:0,&quot;5&quot;:{&quot;1&quot;:2,&quot;2&quot;:0}},{&quot;1&quot;:0,&quot;2&quot;:0,&quot;3&quot;:3},{&quot;1&quot;:1,&quot;2&quot;:0,&quot;4&quot;:1}]},&quot;7&quot;:{&quot;1&quot;:[{&quot;1&quot;:2,&quot;2&quot;:0,&quot;5&quot;:{&quot;1&quot;:2,&quot;2&quot;:0}},{&quot;1&quot;:0,&quot;2&quot;:0,&quot;3&quot;:3},{&quot;1&quot;:1,&quot;2&quot;:0,&quot;4&quot;:1}]},&quot;8&quot;:{&quot;1&quot;:[{&quot;1&quot;:2,&quot;2&quot;:0,&quot;5&quot;:{&quot;1&quot;:2,&quot;2&quot;:0}},{&quot;1&quot;:0,&quot;2&quot;:0,&quot;3&quot;:3},{&quot;1&quot;:1,&quot;2&quot;:0,&quot;4&quot;:1}]},&quot;9&quot;:1,&quot;10&quot;:1,&quot;11&quot;:4,&quot;12&quot;:0,&quot;14&quot;:{&quot;1&quot;:3,&quot;3&quot;:1},&quot;15&quot;:&quot;Calibri&quot;,&quot;16&quot;:12}\">San Antonio de las Minas, B.C. M\u00e9xico<\/span><\/p>\n<p><strong>Vinicultura<\/strong><br \/>\n<span data-sheets-value=\"{&quot;1&quot;:2,&quot;2&quot;:&quot;Alejandro Cabello Pasini&quot;}\" data-sheets-userformat=\"{&quot;2&quot;:15357,&quot;3&quot;:{&quot;1&quot;:0},&quot;5&quot;:{&quot;1&quot;:[{&quot;1&quot;:2,&quot;2&quot;:0,&quot;5&quot;:{&quot;1&quot;:2,&quot;2&quot;:0}},{&quot;1&quot;:0,&quot;2&quot;:0,&quot;3&quot;:3},{&quot;1&quot;:1,&quot;2&quot;:0,&quot;4&quot;:1}]},&quot;6&quot;:{&quot;1&quot;:[{&quot;1&quot;:2,&quot;2&quot;:0,&quot;5&quot;:{&quot;1&quot;:2,&quot;2&quot;:0}},{&quot;1&quot;:0,&quot;2&quot;:0,&quot;3&quot;:3},{&quot;1&quot;:1,&quot;2&quot;:0,&quot;4&quot;:1}]},&quot;7&quot;:{&quot;1&quot;:[{&quot;1&quot;:2,&quot;2&quot;:0,&quot;5&quot;:{&quot;1&quot;:2,&quot;2&quot;:0}},{&quot;1&quot;:0,&quot;2&quot;:0,&quot;3&quot;:3},{&quot;1&quot;:1,&quot;2&quot;:0,&quot;4&quot;:1}]},&quot;8&quot;:{&quot;1&quot;:[{&quot;1&quot;:2,&quot;2&quot;:0,&quot;5&quot;:{&quot;1&quot;:2,&quot;2&quot;:0}},{&quot;1&quot;:0,&quot;2&quot;:0,&quot;3&quot;:3},{&quot;1&quot;:1,&quot;2&quot;:0,&quot;4&quot;:1}]},&quot;9&quot;:1,&quot;10&quot;:1,&quot;11&quot;:4,&quot;12&quot;:0,&quot;14&quot;:{&quot;1&quot;:3,&quot;3&quot;:1},&quot;15&quot;:&quot;Calibri&quot;,&quot;16&quot;:12}\">Alejandro Cabello Pasini<\/span><\/p>\n<p><strong>Variedad(es)<\/strong><br \/>\n<span data-sheets-value=\"{&quot;1&quot;:2,&quot;2&quot;:&quot;Nebbiolo&quot;}\" data-sheets-userformat=\"{&quot;2&quot;:15357,&quot;3&quot;:{&quot;1&quot;:0},&quot;5&quot;:{&quot;1&quot;:[{&quot;1&quot;:2,&quot;2&quot;:0,&quot;5&quot;:{&quot;1&quot;:2,&quot;2&quot;:0}},{&quot;1&quot;:0,&quot;2&quot;:0,&quot;3&quot;:3},{&quot;1&quot;:1,&quot;2&quot;:0,&quot;4&quot;:1}]},&quot;6&quot;:{&quot;1&quot;:[{&quot;1&quot;:2,&quot;2&quot;:0,&quot;5&quot;:{&quot;1&quot;:2,&quot;2&quot;:0}},{&quot;1&quot;:0,&quot;2&quot;:0,&quot;3&quot;:3},{&quot;1&quot;:1,&quot;2&quot;:0,&quot;4&quot;:1}]},&quot;7&quot;:{&quot;1&quot;:[{&quot;1&quot;:2,&quot;2&quot;:0,&quot;5&quot;:{&quot;1&quot;:2,&quot;2&quot;:0}},{&quot;1&quot;:0,&quot;2&quot;:0,&quot;3&quot;:3},{&quot;1&quot;:1,&quot;2&quot;:0,&quot;4&quot;:1}]},&quot;8&quot;:{&quot;1&quot;:[{&quot;1&quot;:2,&quot;2&quot;:0,&quot;5&quot;:{&quot;1&quot;:2,&quot;2&quot;:0}},{&quot;1&quot;:0,&quot;2&quot;:0,&quot;3&quot;:3},{&quot;1&quot;:1,&quot;2&quot;:0,&quot;4&quot;:1}]},&quot;9&quot;:1,&quot;10&quot;:1,&quot;11&quot;:4,&quot;12&quot;:0,&quot;14&quot;:{&quot;1&quot;:3,&quot;3&quot;:1},&quot;15&quot;:&quot;Calibri&quot;,&quot;16&quot;:12}\">Tempranillo, Cabernet Sauvignon<\/span><\/p>\n<p><strong>A\u00f1ejamiento<br \/>\n<\/strong><span data-sheets-value=\"{&quot;1&quot;:2,&quot;2&quot;:&quot;12 meses en barricas de roble americano y francesas (20% nuevas)&quot;}\" data-sheets-userformat=\"{&quot;2&quot;:15357,&quot;3&quot;:{&quot;1&quot;:0},&quot;5&quot;:{&quot;1&quot;:[{&quot;1&quot;:2,&quot;2&quot;:0,&quot;5&quot;:{&quot;1&quot;:2,&quot;2&quot;:0}},{&quot;1&quot;:0,&quot;2&quot;:0,&quot;3&quot;:3},{&quot;1&quot;:1,&quot;2&quot;:0,&quot;4&quot;:1}]},&quot;6&quot;:{&quot;1&quot;:[{&quot;1&quot;:2,&quot;2&quot;:0,&quot;5&quot;:{&quot;1&quot;:2,&quot;2&quot;:0}},{&quot;1&quot;:0,&quot;2&quot;:0,&quot;3&quot;:3},{&quot;1&quot;:1,&quot;2&quot;:0,&quot;4&quot;:1}]},&quot;7&quot;:{&quot;1&quot;:[{&quot;1&quot;:2,&quot;2&quot;:0,&quot;5&quot;:{&quot;1&quot;:2,&quot;2&quot;:0}},{&quot;1&quot;:0,&quot;2&quot;:0,&quot;3&quot;:3},{&quot;1&quot;:1,&quot;2&quot;:0,&quot;4&quot;:1}]},&quot;8&quot;:{&quot;1&quot;:[{&quot;1&quot;:2,&quot;2&quot;:0,&quot;5&quot;:{&quot;1&quot;:2,&quot;2&quot;:0}},{&quot;1&quot;:0,&quot;2&quot;:0,&quot;3&quot;:3},{&quot;1&quot;:1,&quot;2&quot;:0,&quot;4&quot;:1}]},&quot;9&quot;:1,&quot;10&quot;:1,&quot;11&quot;:4,&quot;12&quot;:0,&quot;14&quot;:{&quot;1&quot;:3,&quot;3&quot;:1},&quot;15&quot;:&quot;Calibri&quot;,&quot;16&quot;:12}\">12 meses en barricas de roble americano y francesas (20% nuevas)<\/span><\/p>\n<p><strong>A\u00f1ada<br \/>\n<\/strong><span data-sheets-value=\"{&quot;1&quot;:3,&quot;3&quot;:2018}\" data-sheets-userformat=\"{&quot;2&quot;:15357,&quot;3&quot;:{&quot;1&quot;:0},&quot;5&quot;:{&quot;1&quot;:[{&quot;1&quot;:2,&quot;2&quot;:0,&quot;5&quot;:{&quot;1&quot;:2,&quot;2&quot;:0}},{&quot;1&quot;:0,&quot;2&quot;:0,&quot;3&quot;:3},{&quot;1&quot;:1,&quot;2&quot;:0,&quot;4&quot;:1}]},&quot;6&quot;:{&quot;1&quot;:[{&quot;1&quot;:2,&quot;2&quot;:0,&quot;5&quot;:{&quot;1&quot;:2,&quot;2&quot;:0}},{&quot;1&quot;:0,&quot;2&quot;:0,&quot;3&quot;:3},{&quot;1&quot;:1,&quot;2&quot;:0,&quot;4&quot;:1}]},&quot;7&quot;:{&quot;1&quot;:[{&quot;1&quot;:2,&quot;2&quot;:0,&quot;5&quot;:{&quot;1&quot;:2,&quot;2&quot;:0}},{&quot;1&quot;:0,&quot;2&quot;:0,&quot;3&quot;:3},{&quot;1&quot;:1,&quot;2&quot;:0,&quot;4&quot;:1}]},&quot;8&quot;:{&quot;1&quot;:[{&quot;1&quot;:2,&quot;2&quot;:0,&quot;5&quot;:{&quot;1&quot;:2,&quot;2&quot;:0}},{&quot;1&quot;:0,&quot;2&quot;:0,&quot;3&quot;:3},{&quot;1&quot;:1,&quot;2&quot;:0,&quot;4&quot;:1}]},&quot;9&quot;:1,&quot;10&quot;:1,&quot;11&quot;:4,&quot;12&quot;:0,&quot;14&quot;:{&quot;1&quot;:3,&quot;3&quot;:1},&quot;15&quot;:&quot;Calibri&quot;,&quot;16&quot;:12}\">2012<\/span><\/p>\n","protected":false},"featured_media":16036,"comment_status":"open","ping_status":"closed","template":"","meta":{"ngg_post_thumbnail":0,"spay_email":"","jetpack_publicize_message":"","jetpack_is_tweetstorm":false,"jetpack_publicize_feature_enabled":true},"product_cat":[324,236,15,64,295],"product_tag":[],"class_list":["post-11207","product","type-product","status-publish","has-post-thumbnail","hentry","product_brand-fratelli-pasini","product_cat-san-antonio-de-las-minas-valle-de-guadalupe","product_cat-vinicola-fratelli-pasini","product_cat-los-vinos-mexicanos","product_cat-vino-tinto-mexicano","product_cat-valle-de-guadalupe"],"jetpack-related-posts":[{"id":11707,"url":"https:\/\/lacontravinos.com\/merida\/product\/freixenet-ad-dolores-4-regiones\/","url_meta":{"origin":11207,"position":0},"title":"4 Regiones","date":"13 octubre, 2021","format":false,"excerpt":"Regi\u00f3n Quer\u00e9taro, Guanajuato, Aguascalientes, Zacatecas Vinicultura Lluis Ravent\u00f3s Llopart Variedad(es) Merlot, Malbec, Marselan de Quer\u00e9taro, M\u00e9xico. Cabernet Sauvignon de Guanajuato, M\u00e9xico. Tempranillo de Aguascalientes, M\u00e9xico. Syrah de Zacatecas, M\u00e9xico. A\u00f1ejamiento 12 meses en barrica de roble americano de primer uso. A\u00f1ada A\/D","rel":"","context":"Entrada similar ","img":{"alt_text":"","src":"https:\/\/i0.wp.com\/lacontravinos.com\/merida\/wp-content\/uploads\/2022\/08\/1.En-Proceso.png?fit=800%2C1200&ssl=1&resize=350%2C200","width":350,"height":200},"classes":[]},{"id":15512,"url":"https:\/\/lacontravinos.com\/merida\/product\/atempo-viogner\/","url_meta":{"origin":11207,"position":1},"title":"Atempo Viogner","date":"14 marzo, 2022","format":false,"excerpt":"Regi\u00f3n Ezequiel Montes, Quer\u00e9taro, M\u00e9xico Vinicultura Cristian Spisso Variedad(es) Viogner A\u00f1ejamiento Sin contacto con barrica A\u00f1ada 2020","rel":"","context":"Entrada similar ","img":{"alt_text":"","src":"https:\/\/i0.wp.com\/lacontravinos.com\/merida\/wp-content\/uploads\/2022\/03\/Atempo-Viogner-2.png?fit=801%2C1200&ssl=1&resize=350%2C200","width":350,"height":200},"classes":[]},{"id":15514,"url":"https:\/\/lacontravinos.com\/merida\/product\/atempo-brut\/","url_meta":{"origin":11207,"position":2},"title":"Atempo Brut","date":"14 marzo, 2022","format":false,"excerpt":"Regi\u00f3n Ezequiel Montes, Quer\u00e9taro, M\u00e9xico Vinicultura Cristian Spisso Variedad(es) Xarel-lo, Chardonnay, Macabeo A\u00f1ejamiento - A\u00f1ada 2017","rel":"","context":"Entrada similar ","img":{"alt_text":"","src":"https:\/\/i0.wp.com\/lacontravinos.com\/merida\/wp-content\/uploads\/2022\/08\/1.En-Proceso.png?fit=800%2C1200&ssl=1&resize=350%2C200","width":350,"height":200},"classes":[]},{"id":15810,"url":"https:\/\/lacontravinos.com\/merida\/product\/bulla-tinto\/","url_meta":{"origin":11207,"position":3},"title":"Bulla Tinto","date":"15 julio, 2022","format":false,"excerpt":"Regi\u00f3n Ezequiel Montes, Quer\u00e9taro, M\u00e9xico Vinicultura Cristian Spisso Variedad(es) Mezcla de variedades A\u00f1ejamiento Sin contacto con barrica A\u00f1ada 2020","rel":"","context":"Entrada similar ","img":{"alt_text":"","src":"https:\/\/i0.wp.com\/lacontravinos.com\/merida\/wp-content\/uploads\/2022\/08\/1.En-Proceso.png?fit=800%2C1200&ssl=1&resize=350%2C200","width":350,"height":200},"classes":[]},{"id":15811,"url":"https:\/\/lacontravinos.com\/merida\/product\/bulla-blanco\/","url_meta":{"origin":11207,"position":4},"title":"Bulla Blanco","date":"15 julio, 2022","format":false,"excerpt":"Regi\u00f3n Ezequiel Montes, Quer\u00e9taro, M\u00e9xico Vinicultura Cristian Spisso Variedad(es) Mezcla de variedades A\u00f1ejamiento Sin contacto con barrica A\u00f1ada 2020","rel":"","context":"Entrada similar ","img":{"alt_text":"","src":"https:\/\/i0.wp.com\/lacontravinos.com\/merida\/wp-content\/uploads\/2022\/08\/1.En-Proceso.png?fit=800%2C1200&ssl=1&resize=350%2C200","width":350,"height":200},"classes":[]},{"id":12258,"url":"https:\/\/lacontravinos.com\/merida\/product\/vinaltura-ad-riesling\/","url_meta":{"origin":11207,"position":5},"title":"Riesling","date":"13 octubre, 2021","format":false,"excerpt":"Regi\u00f3n Valle de Col\u00f3n, Quer\u00e9taro, M\u00e9xico Vinicultura Hans Duer Variedad(es) Riesling A\u00f1ejamiento Sin contacto con barrica A\u00f1ada 2020","rel":"","context":"Entrada similar ","img":{"alt_text":"","src":"https:\/\/i0.wp.com\/lacontravinos.com\/merida\/wp-content\/uploads\/2022\/08\/Vinaltura-Riesling.2.png?fit=801%2C1200&ssl=1&resize=350%2C200","width":350,"height":200},"classes":[]}],"_links":{"self":[{"href":"https:\/\/lacontravinos.com\/merida\/wp-json\/wp\/v2\/product\/11207","targetHints":{"allow":["GET"]}}],"collection":[{"href":"https:\/\/lacontravinos.com\/merida\/wp-json\/wp\/v2\/product"}],"about":[{"href":"https:\/\/lacontravinos.com\/merida\/wp-json\/wp\/v2\/types\/product"}],"replies":[{"embeddable":true,"href":"https:\/\/lacontravinos.com\/merida\/wp-json\/wp\/v2\/comments?post=11207"}],"wp:featuredmedia":[{"embeddable":true,"href":"https:\/\/lacontravinos.com\/merida\/wp-json\/wp\/v2\/media\/16036"}],"wp:attachment":[{"href":"https:\/\/lacontravinos.com\/merida\/wp-json\/wp\/v2\/media?parent=11207"}],"wp:term":[{"taxonomy":"product_cat","embeddable":true,"href":"https:\/\/lacontravinos.com\/merida\/wp-json\/wp\/v2\/product_cat?post=11207"},{"taxonomy":"product_tag","embeddable":true,"href":"https:\/\/lacontravinos.com\/merida\/wp-json\/wp\/v2\/product_tag?post=11207"}],"curies":[{"name":"wp","href":"https:\/\/api.w.org\/{rel}","templated":true}]}}