{"id":11093,"date":"2021-10-13T18:16:39","date_gmt":"2021-10-13T23:16:39","guid":{"rendered":"https:\/\/contravinos.pcbtroniks.com\/product\/aragon-ad-madera-cinco-temp-cabernet\/"},"modified":"2024-05-24T21:02:13","modified_gmt":"2024-05-25T03:02:13","slug":"aragon-ad-madera-cinco-temp-cabernet","status":"publish","type":"product","link":"https:\/\/lacontravinos.com\/merida\/product\/aragon-ad-madera-cinco-temp-cabernet\/","title":{"rendered":"Madera 5 Tempranillo"},"content":{"rendered":"","protected":false},"excerpt":{"rendered":"<p><strong>Regi\u00f3n<\/strong><br \/>\n<span data-sheets-value=\"{&quot;1&quot;:2,&quot;2&quot;:&quot;Valle de San Vicente, B.C. M\u00e9xico&quot;}\" data-sheets-userformat=\"{&quot;2&quot;:14845,&quot;3&quot;:{&quot;1&quot;:0,&quot;3&quot;:1},&quot;5&quot;:{&quot;1&quot;:[{&quot;1&quot;:2,&quot;2&quot;:0,&quot;5&quot;:{&quot;1&quot;:2,&quot;2&quot;:0}},{&quot;1&quot;:0,&quot;2&quot;:0,&quot;3&quot;:3},{&quot;1&quot;:1,&quot;2&quot;:0,&quot;4&quot;:1}]},&quot;6&quot;:{&quot;1&quot;:[{&quot;1&quot;:2,&quot;2&quot;:0,&quot;5&quot;:{&quot;1&quot;:2,&quot;2&quot;:0}},{&quot;1&quot;:0,&quot;2&quot;:0,&quot;3&quot;:3},{&quot;1&quot;:1,&quot;2&quot;:0,&quot;4&quot;:1}]},&quot;7&quot;:{&quot;1&quot;:[{&quot;1&quot;:2,&quot;2&quot;:0,&quot;5&quot;:{&quot;1&quot;:2,&quot;2&quot;:0}},{&quot;1&quot;:0,&quot;2&quot;:0,&quot;3&quot;:3},{&quot;1&quot;:1,&quot;2&quot;:0,&quot;4&quot;:1}]},&quot;8&quot;:{&quot;1&quot;:[{&quot;1&quot;:2,&quot;2&quot;:0,&quot;5&quot;:{&quot;1&quot;:2,&quot;2&quot;:0}},{&quot;1&quot;:0,&quot;2&quot;:0,&quot;3&quot;:3},{&quot;1&quot;:1,&quot;2&quot;:0,&quot;4&quot;:1}]},&quot;9&quot;:1,&quot;10&quot;:1,&quot;11&quot;:4,&quot;14&quot;:{&quot;1&quot;:3,&quot;3&quot;:1},&quot;15&quot;:&quot;Calibri&quot;,&quot;16&quot;:12}\">Valle de San Vicente, B.C. M\u00e9xico<\/span><\/p>\n<p><strong>Vinicultura<\/strong><br \/>\n<span data-sheets-value=\"{&quot;1&quot;:2,&quot;2&quot;:&quot;Victor Segura&quot;}\" data-sheets-userformat=\"{&quot;2&quot;:15101,&quot;3&quot;:{&quot;1&quot;:0},&quot;5&quot;:{&quot;1&quot;:[{&quot;1&quot;:2,&quot;2&quot;:0,&quot;5&quot;:{&quot;1&quot;:2,&quot;2&quot;:0}},{&quot;1&quot;:0,&quot;2&quot;:0,&quot;3&quot;:3},{&quot;1&quot;:1,&quot;2&quot;:0,&quot;4&quot;:1}]},&quot;6&quot;:{&quot;1&quot;:[{&quot;1&quot;:2,&quot;2&quot;:0,&quot;5&quot;:{&quot;1&quot;:2,&quot;2&quot;:0}},{&quot;1&quot;:0,&quot;2&quot;:0,&quot;3&quot;:3},{&quot;1&quot;:1,&quot;2&quot;:0,&quot;4&quot;:1}]},&quot;7&quot;:{&quot;1&quot;:[{&quot;1&quot;:2,&quot;2&quot;:0,&quot;5&quot;:{&quot;1&quot;:2,&quot;2&quot;:0}},{&quot;1&quot;:0,&quot;2&quot;:0,&quot;3&quot;:3},{&quot;1&quot;:1,&quot;2&quot;:0,&quot;4&quot;:1}]},&quot;8&quot;:{&quot;1&quot;:[{&quot;1&quot;:2,&quot;2&quot;:0,&quot;5&quot;:{&quot;1&quot;:2,&quot;2&quot;:0}},{&quot;1&quot;:0,&quot;2&quot;:0,&quot;3&quot;:3},{&quot;1&quot;:1,&quot;2&quot;:0,&quot;4&quot;:1}]},&quot;9&quot;:1,&quot;10&quot;:1,&quot;12&quot;:0,&quot;14&quot;:{&quot;1&quot;:3,&quot;3&quot;:1},&quot;15&quot;:&quot;Calibri&quot;,&quot;16&quot;:12}\">Victor Segura<\/span><\/p>\n<p><strong>Variedad(es)<\/strong><br \/>\n<span data-sheets-value=\"{&quot;1&quot;:2,&quot;2&quot;:&quot;Tempranillo, Cabernet Sauvignon&quot;}\" data-sheets-userformat=\"{&quot;2&quot;:14845,&quot;3&quot;:{&quot;1&quot;:0,&quot;3&quot;:1},&quot;5&quot;:{&quot;1&quot;:[{&quot;1&quot;:2,&quot;2&quot;:0,&quot;5&quot;:{&quot;1&quot;:2,&quot;2&quot;:0}},{&quot;1&quot;:0,&quot;2&quot;:0,&quot;3&quot;:3},{&quot;1&quot;:1,&quot;2&quot;:0,&quot;4&quot;:1}]},&quot;6&quot;:{&quot;1&quot;:[{&quot;1&quot;:2,&quot;2&quot;:0,&quot;5&quot;:{&quot;1&quot;:2,&quot;2&quot;:0}},{&quot;1&quot;:0,&quot;2&quot;:0,&quot;3&quot;:3},{&quot;1&quot;:1,&quot;2&quot;:0,&quot;4&quot;:1}]},&quot;7&quot;:{&quot;1&quot;:[{&quot;1&quot;:2,&quot;2&quot;:0,&quot;5&quot;:{&quot;1&quot;:2,&quot;2&quot;:0}},{&quot;1&quot;:0,&quot;2&quot;:0,&quot;3&quot;:3},{&quot;1&quot;:1,&quot;2&quot;:0,&quot;4&quot;:1}]},&quot;8&quot;:{&quot;1&quot;:[{&quot;1&quot;:2,&quot;2&quot;:0,&quot;5&quot;:{&quot;1&quot;:2,&quot;2&quot;:0}},{&quot;1&quot;:0,&quot;2&quot;:0,&quot;3&quot;:3},{&quot;1&quot;:1,&quot;2&quot;:0,&quot;4&quot;:1}]},&quot;9&quot;:1,&quot;10&quot;:1,&quot;11&quot;:4,&quot;14&quot;:{&quot;1&quot;:3,&quot;3&quot;:1},&quot;15&quot;:&quot;Calibri&quot;,&quot;16&quot;:12}\">Tempranillo, Cabernet Sauvignon<\/span><\/p>\n<p><strong>A\u00f1ejamiento<br \/>\n<\/strong><span data-sheets-value=\"{&quot;1&quot;:2,&quot;2&quot;:&quot;12 meses en barricas de roble franc\u00e9s y americano&quot;}\" data-sheets-userformat=\"{&quot;2&quot;:14845,&quot;3&quot;:{&quot;1&quot;:0,&quot;3&quot;:1},&quot;5&quot;:{&quot;1&quot;:[{&quot;1&quot;:2,&quot;2&quot;:0,&quot;5&quot;:{&quot;1&quot;:2,&quot;2&quot;:0}},{&quot;1&quot;:0,&quot;2&quot;:0,&quot;3&quot;:3},{&quot;1&quot;:1,&quot;2&quot;:0,&quot;4&quot;:1}]},&quot;6&quot;:{&quot;1&quot;:[{&quot;1&quot;:2,&quot;2&quot;:0,&quot;5&quot;:{&quot;1&quot;:2,&quot;2&quot;:0}},{&quot;1&quot;:0,&quot;2&quot;:0,&quot;3&quot;:3},{&quot;1&quot;:1,&quot;2&quot;:0,&quot;4&quot;:1}]},&quot;7&quot;:{&quot;1&quot;:[{&quot;1&quot;:2,&quot;2&quot;:0,&quot;5&quot;:{&quot;1&quot;:2,&quot;2&quot;:0}},{&quot;1&quot;:0,&quot;2&quot;:0,&quot;3&quot;:3},{&quot;1&quot;:1,&quot;2&quot;:0,&quot;4&quot;:1}]},&quot;8&quot;:{&quot;1&quot;:[{&quot;1&quot;:2,&quot;2&quot;:0,&quot;5&quot;:{&quot;1&quot;:2,&quot;2&quot;:0}},{&quot;1&quot;:0,&quot;2&quot;:0,&quot;3&quot;:3},{&quot;1&quot;:1,&quot;2&quot;:0,&quot;4&quot;:1}]},&quot;9&quot;:1,&quot;10&quot;:1,&quot;11&quot;:4,&quot;14&quot;:{&quot;1&quot;:3,&quot;3&quot;:1},&quot;15&quot;:&quot;Calibri&quot;,&quot;16&quot;:12}\">12 meses en barricas de roble franc\u00e9s y americano<\/span><\/p>\n<p><strong>A\u00f1ada<br \/>\n<\/strong><span data-sheets-value=\"{&quot;1&quot;:3,&quot;3&quot;:2019}\" data-sheets-userformat=\"{&quot;2&quot;:15357,&quot;3&quot;:{&quot;1&quot;:0},&quot;5&quot;:{&quot;1&quot;:[{&quot;1&quot;:2,&quot;2&quot;:0,&quot;5&quot;:{&quot;1&quot;:2,&quot;2&quot;:0}},{&quot;1&quot;:0,&quot;2&quot;:0,&quot;3&quot;:3},{&quot;1&quot;:1,&quot;2&quot;:0,&quot;4&quot;:1}]},&quot;6&quot;:{&quot;1&quot;:[{&quot;1&quot;:2,&quot;2&quot;:0,&quot;5&quot;:{&quot;1&quot;:2,&quot;2&quot;:0}},{&quot;1&quot;:0,&quot;2&quot;:0,&quot;3&quot;:3},{&quot;1&quot;:1,&quot;2&quot;:0,&quot;4&quot;:1}]},&quot;7&quot;:{&quot;1&quot;:[{&quot;1&quot;:2,&quot;2&quot;:0,&quot;5&quot;:{&quot;1&quot;:2,&quot;2&quot;:0}},{&quot;1&quot;:0,&quot;2&quot;:0,&quot;3&quot;:3},{&quot;1&quot;:1,&quot;2&quot;:0,&quot;4&quot;:1}]},&quot;8&quot;:{&quot;1&quot;:[{&quot;1&quot;:2,&quot;2&quot;:0,&quot;5&quot;:{&quot;1&quot;:2,&quot;2&quot;:0}},{&quot;1&quot;:0,&quot;2&quot;:0,&quot;3&quot;:3},{&quot;1&quot;:1,&quot;2&quot;:0,&quot;4&quot;:1}]},&quot;9&quot;:1,&quot;10&quot;:1,&quot;11&quot;:4,&quot;12&quot;:0,&quot;14&quot;:{&quot;1&quot;:3,&quot;3&quot;:1},&quot;15&quot;:&quot;Calibri&quot;,&quot;16&quot;:12}\">2017<\/span><\/p>\n","protected":false},"featured_media":15978,"comment_status":"open","ping_status":"closed","template":"","meta":{"ngg_post_thumbnail":0,"spay_email":"","jetpack_publicize_message":"","jetpack_is_tweetstorm":false,"jetpack_publicize_feature_enabled":true},"product_cat":[306,15,64,297],"product_tag":[],"class_list":["post-11093","product","type-product","status-publish","has-post-thumbnail","hentry","product_brand-madera-5","product_cat-vinicola-madera-5","product_cat-los-vinos-mexicanos","product_cat-vino-tinto-mexicano","product_cat-valle-de-san-vicente"],"jetpack-related-posts":[{"id":11981,"url":"https:\/\/lacontravinos.com\/merida\/product\/aragon-ad-madera-5-magnum\/","url_meta":{"origin":11093,"position":0},"title":"Madera 5 MG","date":"13 octubre, 2021","format":false,"excerpt":"Regi\u00f3n Valle de San Vicente, B.C. M\u00e9xico Vinicultura Victor Segura Variedad(es) Tempranillo, Cabernet Sauvignon A\u00f1ejamiento 12 meses en barricas de roble franc\u00e9s y americano A\u00f1ada 2017","rel":"","context":"Entrada similar ","img":{"alt_text":"","src":"https:\/\/i0.wp.com\/lacontravinos.com\/merida\/wp-content\/uploads\/2022\/08\/Madera-5-Tempranillo-Cabernet-Magnum-1.png?fit=800%2C1200&ssl=1&resize=350%2C200","width":350,"height":200},"classes":[]},{"id":11375,"url":"https:\/\/lacontravinos.com\/merida\/product\/aragon-ad-rojo-126\/","url_meta":{"origin":11093,"position":1},"title":"Madera 5 Rojo 126","date":"13 octubre, 2021","format":false,"excerpt":"Regi\u00f3n Valle de Guadalupe, B.C. M\u00e9xico \/ Valle de La Grulla, B.C. M\u00e9xico \/ Valle de Ojos Negros, B.C. M\u00e9xico \/ Valle de San Vicente, B.C. M\u00e9xico Vinicultura Victor Segura Variedad(es) Cabernet Sauvignon, Sangiovese, Malbec, Petit Verdot, Tempranillo A\u00f1ejamiento Sin contacto con barrica A\u00f1ada 2018","rel":"","context":"Entrada similar ","img":{"alt_text":"","src":"https:\/\/i0.wp.com\/lacontravinos.com\/merida\/wp-content\/uploads\/2022\/08\/Rojo-126-2.png?fit=801%2C1200&ssl=1&resize=350%2C200","width":350,"height":200},"classes":[]},{"id":11831,"url":"https:\/\/lacontravinos.com\/merida\/product\/aborigen-a-d-5-estrellas\/","url_meta":{"origin":11093,"position":2},"title":"5 Estrellas","date":"13 octubre, 2021","format":false,"excerpt":"Regi\u00f3n Valle de Guadalupe, B.C. M\u00e9xico Vinicultura Hugo D'Acosta\u00a0 Variedad(es) Tempranillo, Merlot, Cabernet Sauvignon, Grenache, Cinsault A\u00f1ejamiento 12 meses en barricas de roble franc\u00e9s y americano\u00a0 A\u00f1ada 2015","rel":"","context":"Entrada similar ","img":{"alt_text":"","src":"https:\/\/i0.wp.com\/lacontravinos.com\/merida\/wp-content\/uploads\/2022\/08\/5-Estrellas-2.png?fit=801%2C1200&ssl=1&resize=350%2C200","width":350,"height":200},"classes":[]},{"id":12257,"url":"https:\/\/lacontravinos.com\/merida\/product\/aragon-a-d-madera-5-rosado\/","url_meta":{"origin":11093,"position":3},"title":"Madera 5 Sangiovese","date":"13 octubre, 2021","format":false,"excerpt":"Regi\u00f3n Valle de San Vicente, B.C. M\u00e9xico Vinicultura Victor Segura Variedad(es) Sangiovese A\u00f1ejamiento Sin contacto con barrica A\u00f1ada 2019","rel":"","context":"Entrada similar ","img":{"alt_text":"","src":"https:\/\/i0.wp.com\/lacontravinos.com\/merida\/wp-content\/uploads\/2022\/08\/Madera-5-Sangiovese-2.png?fit=801%2C1200&ssl=1&resize=350%2C200","width":350,"height":200},"classes":[]},{"id":11510,"url":"https:\/\/lacontravinos.com\/merida\/product\/aragon-a-d-madera-5-nebbiolo\/","url_meta":{"origin":11093,"position":4},"title":"Madera 5 Nebbiolo","date":"13 octubre, 2021","format":false,"excerpt":"Regi\u00f3n Valle de San Vicente, B.C. M\u00e9xico Vinicultura Victor Segura Variedad(es) Nebbiolo A\u00f1ejamiento 12 meses en barricas de roble franc\u00e9s y americano A\u00f1ada 2018","rel":"","context":"Entrada similar ","img":{"alt_text":"","src":"https:\/\/i0.wp.com\/lacontravinos.com\/merida\/wp-content\/uploads\/2022\/08\/Madera-5-Nebbiolo-2.png?fit=801%2C1200&ssl=1&resize=350%2C200","width":350,"height":200},"classes":[]},{"id":11573,"url":"https:\/\/lacontravinos.com\/merida\/product\/aragon-ad-madera-5-s-blanc-chard\/","url_meta":{"origin":11093,"position":5},"title":"Madera 5 S. Blanc","date":"13 octubre, 2021","format":false,"excerpt":"Regi\u00f3n Valle de San Vicente, B.C. M\u00e9xico Vinicultura Victor Segura Variedad(es) Sauvignon Blanc y Chardonnay A\u00f1ejamiento Sin contacto con barrica A\u00f1ada 2019","rel":"","context":"Entrada similar ","img":{"alt_text":"","src":"https:\/\/i0.wp.com\/lacontravinos.com\/merida\/wp-content\/uploads\/2022\/08\/Madera-5-Sauvignon-Blanc-2.png?fit=801%2C1200&ssl=1&resize=350%2C200","width":350,"height":200},"classes":[]}],"_links":{"self":[{"href":"https:\/\/lacontravinos.com\/merida\/wp-json\/wp\/v2\/product\/11093","targetHints":{"allow":["GET"]}}],"collection":[{"href":"https:\/\/lacontravinos.com\/merida\/wp-json\/wp\/v2\/product"}],"about":[{"href":"https:\/\/lacontravinos.com\/merida\/wp-json\/wp\/v2\/types\/product"}],"replies":[{"embeddable":true,"href":"https:\/\/lacontravinos.com\/merida\/wp-json\/wp\/v2\/comments?post=11093"}],"wp:featuredmedia":[{"embeddable":true,"href":"https:\/\/lacontravinos.com\/merida\/wp-json\/wp\/v2\/media\/15978"}],"wp:attachment":[{"href":"https:\/\/lacontravinos.com\/merida\/wp-json\/wp\/v2\/media?parent=11093"}],"wp:term":[{"taxonomy":"product_cat","embeddable":true,"href":"https:\/\/lacontravinos.com\/merida\/wp-json\/wp\/v2\/product_cat?post=11093"},{"taxonomy":"product_tag","embeddable":true,"href":"https:\/\/lacontravinos.com\/merida\/wp-json\/wp\/v2\/product_tag?post=11093"}],"curies":[{"name":"wp","href":"https:\/\/api.w.org\/{rel}","templated":true}]}}