{"id":12814,"date":"2021-11-17T18:59:52","date_gmt":"2021-11-17T18:59:52","guid":{"rendered":"https:\/\/contravinos.pcbtroniks.com\/?page_id=12814"},"modified":"2023-06-23T16:32:20","modified_gmt":"2023-06-23T22:32:20","slug":"sucursales","status":"publish","type":"page","link":"https:\/\/lacontravinos.com\/merida\/sucursales\/","title":{"rendered":"Sucursales"},"content":{"rendered":"\t\t<div data-elementor-type=\"wp-page\" data-elementor-id=\"12814\" class=\"elementor elementor-12814\">\n\t\t\t\t\t\t<div class=\"elementor-inner\">\n\t\t\t\t<div class=\"elementor-section-wrap\">\n\t\t\t\t\t\t\t\t\t<section class=\"elementor-section elementor-top-section elementor-element elementor-element-af173db elementor-section-boxed elementor-section-height-default elementor-section-height-default\" data-id=\"af173db\" data-element_type=\"section\">\n\t\t\t\t\t\t<div class=\"elementor-container elementor-column-gap-default\">\n\t\t\t\t\t\t\t<div class=\"elementor-row\">\n\t\t\t\t\t<div class=\"elementor-column elementor-col-100 elementor-top-column elementor-element elementor-element-d1630ad\" data-id=\"d1630ad\" data-element_type=\"column\">\n\t\t\t<div class=\"elementor-column-wrap elementor-element-populated\">\n\t\t\t\t\t\t\t<div class=\"elementor-widget-wrap\">\n\t\t\t\t\t\t<div class=\"elementor-element elementor-element-d6f1595 elementor-widget elementor-widget-html\" data-id=\"d6f1595\" data-element_type=\"widget\" data-widget_type=\"html.default\">\n\t\t\t\t<div class=\"elementor-widget-container\">\n\t\t\t<div class=\"container-fluid\">\r\n\r\n    <div class=\"row\">\r\n\r\n      <!-- BEGIN: Imagen de Sucursal -->\r\n      <div class=\"col-md-3 sucursalCover\"\r\n        style=\"background: url('https:\/\/www.lacontravinos.com\/ensenada\/wp-content\/uploads\/2022\/03\/Ensenada-La-Contra.png');\">\r\n      <\/div>\r\n      <!-- END: Imagen de sucursal -->\r\n\r\n      <!-- BEGIN: Informaci\u00f3n de sucursal -->\r\n      <div class=\"col-md-3 sucursalInfo pt-5\" style=\"background-color: black;\">\r\n        <p style=\"font-size: 24px\" class=\"mb-5\">Ensenada<\/p>\r\n\r\n        <p>Moctezuma 623<\/p>\r\n        <p>Zona Centro Ensenada,<\/p>\r\n        <p>B.C. CP 22800<\/p>\r\n        <p>Tel.(646)178.8213<\/p>\r\n\r\n        <p>vinoslacontra@gmail.com<\/p>\r\n\r\n        <div class=\"sociales\">\r\n          <a href=\"https:\/\/www.facebook.com\/VinosLaContra\/\">\r\n            <img decoding=\"async\" class=\"sociales-icono\"\r\n              src=\"https:\/\/i0.wp.com\/www.lacontravinos.com\/ensenada\/wp-content\/uploads\/2022\/02\/Facebook.png?w=940&#038;ssl=1\" data-recalc-dims=\"1\" \/>\r\n          <\/a>\r\n\r\n          <a href=\"https:\/\/www.instagram.com\/lacontravinos\/\">\r\n            <img decoding=\"async\" class=\"sociales-icono\"\r\n              src=\"https:\/\/i0.wp.com\/www.lacontravinos.com\/ensenada\/wp-content\/uploads\/2022\/02\/Instagram.png?w=940&#038;ssl=1\" data-recalc-dims=\"1\" \/>\r\n          <\/a>\r\n\r\n          <a href=\"tel:6461788213\">\r\n            <img decoding=\"async\" class=\"sociales-icono\" src=\"https:\/\/i0.wp.com\/www.lacontravinos.com\/ensenada\/wp-content\/uploads\/2022\/02\/Telefono.png?w=940&#038;ssl=1\"\r\n              alt=\"Tel\u00e9fono\" data-recalc-dims=\"1\">\r\n          <\/a>\r\n        <\/div>\r\n      <\/div>\r\n      <!-- END: Informaci\u00f3n de la sucursal -->\r\n\r\n      <!-- BEGIN: Imagen de Sucursal -->\r\n      <div class=\"col-md-3 sucursalCover\"\r\n        style=\"background: url('https:\/\/www.lacontravinos.com\/ensenada\/wp-content\/uploads\/2022\/03\/Tijuana-La-Contra.png');\">\r\n      <\/div>\r\n      <!-- END: Imagen de sucursal -->\r\n\r\n      <!-- BEGIN: Informaci\u00f3n de sucursal -->\r\n      <div class=\"col-md-3 sucursalInfo pt-5\" style=\"background-color: black;\">\r\n        <p style=\"font-size: 24px\" class=\"mb-5\">Tijuana<\/p>\r\n\r\n        <p>Av. Brasil 9151 Local 4,<\/p>\r\n        <p>Plaza Brasil Col. Cacho Tijuana,<\/p>\r\n        <p>B.C. CP 22040<\/p>\r\n        <p>Tel.(664)634.1305<\/p>\r\n\r\n        <p>lacontratijuana@gmail.com<\/p>\r\n\r\n        <div class=\"sociales\">\r\n          <a href=\"https:\/\/facebook.com\/lacontratijuana\">\r\n            <img decoding=\"async\" class=\"sociales-icono\"\r\n              src=\"https:\/\/i0.wp.com\/www.lacontravinos.com\/ensenada\/wp-content\/uploads\/2022\/02\/Facebook.png?w=940&#038;ssl=1\" data-recalc-dims=\"1\" \/>\r\n          <\/a>\r\n\r\n          <a href=\"https:\/\/www.instagram.com\/lacontratijuana\/\">\r\n            <img decoding=\"async\" class=\"sociales-icono\"\r\n              src=\"https:\/\/i0.wp.com\/www.lacontravinos.com\/ensenada\/wp-content\/uploads\/2022\/02\/Instagram.png?w=940&#038;ssl=1\" data-recalc-dims=\"1\" \/>\r\n          <\/a>\r\n\r\n          <a href=\"tel:6646341305\">\r\n            <img decoding=\"async\" class=\"sociales-icono\" src=\"https:\/\/i0.wp.com\/www.lacontravinos.com\/ensenada\/wp-content\/uploads\/2022\/02\/Telefono.png?w=940&#038;ssl=1\"\r\n              alt=\"Tel\u00e9fono\" data-recalc-dims=\"1\">\r\n          <\/a>\r\n        <\/div>\r\n      <\/div>\r\n      <!-- END: Informaci\u00f3n de la sucursal -->\r\n\r\n    <\/div>\r\n\r\n    <div class=\"row\">\r\n\r\n      <!-- BEGIN: Informaci\u00f3n de sucursal -->\r\n      <div class=\"col-md-3 sucursalInfo pt-5\" style=\"background-color: black;\">\r\n        <p style=\"font-size: 24px\" class=\"mb-5\">Guadalajara<\/p>\r\n\r\n        <p>Jos\u00e9 Guadalupe Zuno 2129<\/p>\r\n        <p>Col. Americana, Guadalajara,<\/p>\r\n        <p>Jalisco, CP 44160<\/p>\r\n        <p>Tel.(33)3615.3754<\/p>\r\n\r\n        <p>lacontraguadalajara@gmail.com<\/p>\r\n\r\n        <div class=\"sociales\">\r\n          <a href=\"https:\/\/www.facebook.com\/ElvinoVistoDiferente\/\">\r\n            <img decoding=\"async\" class=\"sociales-icono\"\r\n              src=\"https:\/\/i0.wp.com\/www.lacontravinos.com\/ensenada\/wp-content\/uploads\/2022\/02\/Facebook.png?w=940&#038;ssl=1\" data-recalc-dims=\"1\" \/>\r\n          <\/a>\r\n\r\n          <a href=\"https:\/\/www.instagram.com\/lacontragdl\/\">\r\n            <img decoding=\"async\" class=\"sociales-icono\"\r\n              src=\"https:\/\/i0.wp.com\/www.lacontravinos.com\/ensenada\/wp-content\/uploads\/2022\/02\/Instagram.png?w=940&#038;ssl=1\" data-recalc-dims=\"1\" \/>\r\n          <\/a>\r\n\r\n          <a href=\"tel:3336153754\">\r\n            <img decoding=\"async\" class=\"sociales-icono\" src=\"https:\/\/i0.wp.com\/www.lacontravinos.com\/ensenada\/wp-content\/uploads\/2022\/02\/Telefono.png?w=940&#038;ssl=1\"\r\n              alt=\"Tel\u00e9fono\" data-recalc-dims=\"1\">\r\n          <\/a>\r\n        <\/div>\r\n      <\/div>\r\n      <!-- END: Informaci\u00f3n de la sucursal -->\r\n\r\n      <!-- BEGIN: Imagen de Sucursal -->\r\n      <div class=\"col-md-3 sucursalCover\"\r\n        style=\"background: url('https:\/\/www.lacontravinos.com\/ensenada\/wp-content\/uploads\/2022\/03\/Guadalajara-La-Contra.png');\">\r\n      <\/div>\r\n      <!-- END: Imagen de sucursal -->\r\n\r\n      <!-- BEGIN: Informaci\u00f3n de sucursal -->\r\n      <div class=\"col-md-3 sucursalInfo pt-5\" style=\"background-color: black;\">\r\n        <p style=\"font-size: 24px\" class=\"mb-5\">Quer\u00e9taro<\/p>\r\n\r\n        <p>Av. Juriquilla #101 Local 2<\/p>\r\n        <p>Plaza La Esquina,<\/p>\r\n        <p>Villas del Mes\u00f3n CP 76226<\/p>\r\n        <p>Tel.(442) 245.0347<\/p>\r\n\r\n        <p>lacontraqro@gmail.com<\/p>\r\n\r\n        <div class=\"sociales\">\r\n          <a href=\"https:\/\/www.facebook.com\/lacontraqueretaro\/\">\r\n            <img decoding=\"async\" class=\"sociales-icono\"\r\n              src=\"https:\/\/i0.wp.com\/www.lacontravinos.com\/ensenada\/wp-content\/uploads\/2022\/02\/Facebook.png?w=940&#038;ssl=1\" data-recalc-dims=\"1\" \/>\r\n          <\/a>\r\n\r\n          <a href=\"https:\/\/www.instagram.com\/lacontraqro\/\">\r\n            <img decoding=\"async\" class=\"sociales-icono\"\r\n              src=\"https:\/\/i0.wp.com\/www.lacontravinos.com\/ensenada\/wp-content\/uploads\/2022\/02\/Instagram.png?w=940&#038;ssl=1\" data-recalc-dims=\"1\" \/>\r\n          <\/a>\r\n\r\n          <a href=\"tel:4422450347\">\r\n            <img decoding=\"async\" class=\"sociales-icono\" src=\"https:\/\/i0.wp.com\/www.lacontravinos.com\/ensenada\/wp-content\/uploads\/2022\/02\/Telefono.png?w=940&#038;ssl=1\"\r\n              alt=\"Tel\u00e9fono\" data-recalc-dims=\"1\">\r\n          <\/a>\r\n        <\/div>\r\n      <\/div>\r\n      <!-- END: Informaci\u00f3n de la sucursal -->\r\n\r\n      <!-- BEGIN: Imagen de Sucursal -->\r\n      <div class=\"col-md-3 sucursalCover\"\r\n        style=\"background: url('https:\/\/www.lacontravinos.com\/ensenada\/wp-content\/uploads\/2022\/03\/Queretaro-La-Contra.png');\">\r\n      <\/div>\r\n      <!-- END: Imagen de sucursal -->\r\n\r\n    <\/div>\r\n\r\n    <div class=\"row\">\r\n\r\n      <!-- BEGIN: Imagen de Sucursal -->\r\n      <div class=\"col-md-3 sucursalCover\"\r\n        style=\"background: url('https:\/\/www.lacontravinos.com\/ensenada\/wp-content\/uploads\/2022\/03\/Roma-La-Contra.png');\">\r\n      <\/div>\r\n      <!-- END: Imagen de sucursal -->\r\n\r\n      <!-- BEGIN: Informaci\u00f3n de sucursal -->\r\n      <div class=\"col-md-3 sucursalInfo pt-5\" style=\"background-color: black;\">\r\n        <p style=\"font-size: 24px\" class=\"mb-5\">Roma<\/p>\r\n\r\n        <p>Jalapa 129 Local C Col. Roma<\/p>\r\n        <p>Norte, Delegaci\u00f3n Cuauht\u00e9moc,<\/p>\r\n        <p>Ciudad de M\u00e9xico CP 06700<\/p>\r\n        <p>Tel.(55) 5564.0966<\/p>\r\n\r\n        <p>lacontralaroma@gmail.com<\/p>\r\n\r\n        <div class=\"sociales\">\r\n          <a href=\"https:\/\/www.facebook.com\/vinosmexicanoslacontra\/\">\r\n            <img decoding=\"async\" class=\"sociales-icono\"\r\n              src=\"https:\/\/i0.wp.com\/www.lacontravinos.com\/ensenada\/wp-content\/uploads\/2022\/02\/Facebook.png?w=940&#038;ssl=1\" data-recalc-dims=\"1\" \/>\r\n          <\/a>\r\n\r\n          <a href=\"https:\/\/www.instagram.com\/lacontraroma\/\">\r\n            <img decoding=\"async\" class=\"sociales-icono\"\r\n              src=\"https:\/\/i0.wp.com\/www.lacontravinos.com\/ensenada\/wp-content\/uploads\/2022\/02\/Instagram.png?w=940&#038;ssl=1\" data-recalc-dims=\"1\" \/>\r\n          <\/a>\r\n\r\n          <a href=\"tel:5555640966\">\r\n            <img decoding=\"async\" class=\"sociales-icono\" src=\"https:\/\/i0.wp.com\/www.lacontravinos.com\/ensenada\/wp-content\/uploads\/2022\/02\/Telefono.png?w=940&#038;ssl=1\"\r\n              alt=\"Tel\u00e9fono\" data-recalc-dims=\"1\">\r\n          <\/a>\r\n        <\/div>\r\n      <\/div>\r\n      <!-- END: Informaci\u00f3n de la sucursal -->\r\n\r\n      <!-- BEGIN: Imagen de Sucursal -->\r\n      <div class=\"col-md-3 sucursalCover\"\r\n        style=\"background: url('https:\/\/www.lacontravinos.com\/ensenada\/wp-content\/uploads\/2022\/03\/Coyoacan-La-Contra.png');\">\r\n      <\/div>\r\n      <!-- END: Imagen de sucursal -->\r\n\r\n      <!-- BEGIN: Informaci\u00f3n de sucursal -->\r\n      <div class=\"col-md-3 sucursalInfo pt-5\" style=\"background-color: black;\">\r\n        <p style=\"font-size: 24px\" class=\"mb-5\">Coyoac\u00e1n<\/p>\r\n\r\n        <p>Avenida Miguel Hidalgo 9 Local 10<\/p>\r\n        <p>Del Carmen, Coyoac\u00e1n,<\/p>\r\n        <p>Ciudad de M\u00e9xico CP 04100<\/p>\r\n        <p>Tel.(55) 5919.6305<\/p>\r\n\r\n        <p>lacontracoyoacan@gmail.com<\/p>\r\n\r\n        <div class=\"sociales\">\r\n          <a href=\"https:\/\/www.facebook.com\/lacontracoyoacan\/\">\r\n            <img decoding=\"async\" class=\"sociales-icono\"\r\n              src=\"https:\/\/i0.wp.com\/www.lacontravinos.com\/ensenada\/wp-content\/uploads\/2022\/02\/Facebook.png?w=940&#038;ssl=1\" data-recalc-dims=\"1\" \/>\r\n          <\/a>\r\n\r\n          <a href=\"https:\/\/www.instagram.com\/lacontracoyoacan\/\">\r\n            <img decoding=\"async\" class=\"sociales-icono\"\r\n              src=\"https:\/\/i0.wp.com\/www.lacontravinos.com\/ensenada\/wp-content\/uploads\/2022\/02\/Instagram.png?w=940&#038;ssl=1\" data-recalc-dims=\"1\" \/>\r\n          <\/a>\r\n\r\n          <a href=\"tel:5559196305\">\r\n            <img decoding=\"async\" class=\"sociales-icono\" src=\"https:\/\/i0.wp.com\/www.lacontravinos.com\/ensenada\/wp-content\/uploads\/2022\/02\/Telefono.png?w=940&#038;ssl=1\"\r\n              alt=\"Tel\u00e9fono\" data-recalc-dims=\"1\">\r\n          <\/a>\r\n        <\/div>\r\n      <\/div>\r\n      <!-- END: Informaci\u00f3n de la sucursal -->\r\n\r\n    <\/div>\r\n\r\n    <div class=\"row\">\r\n\r\n      <!-- BEGIN: Informaci\u00f3n de sucursal -->\r\n      <div class=\"col-md-3 sucursalInfo pt-5\" style=\"background-color: black;\">\r\n        <p style=\"font-size: 24px\" class=\"mb-5\">M\u00e9rida<\/p>\r\n\r\n        <p>Calle 21 #66<\/p>\r\n        <p>Col. M\u00e9xico, M\u00e9rida,<\/p>\r\n        <p>Yucat\u00e1n CP. 97125<\/p>\r\n        <p>Tel.(999)670.9000<\/p>\r\n\r\n        <p>lacontramerida1@gmail.com<\/p>\r\n\r\n        <div class=\"sociales\">\r\n          <a href=\"https:\/\/www.facebook.com\/lacontramerida\">\r\n            <img decoding=\"async\" class=\"sociales-icono\"\r\n              src=\"https:\/\/i0.wp.com\/www.lacontravinos.com\/ensenada\/wp-content\/uploads\/2022\/02\/Facebook.png?w=940&#038;ssl=1\" data-recalc-dims=\"1\" \/>\r\n          <\/a>\r\n\r\n          <a href=\"https:\/\/www.instagram.com\/lacontramerida\/\">\r\n            <img decoding=\"async\" class=\"sociales-icono\"\r\n              src=\"https:\/\/i0.wp.com\/www.lacontravinos.com\/ensenada\/wp-content\/uploads\/2022\/02\/Instagram.png?w=940&#038;ssl=1\" data-recalc-dims=\"1\" \/>\r\n          <\/a>\r\n\r\n          <a href=\"tel:9996709000\">\r\n            <img decoding=\"async\" class=\"sociales-icono\" src=\"https:\/\/i0.wp.com\/www.lacontravinos.com\/ensenada\/wp-content\/uploads\/2022\/02\/Telefono.png?w=940&#038;ssl=1\"\r\n              alt=\"Tel\u00e9fono\" data-recalc-dims=\"1\">\r\n          <\/a>\r\n        <\/div>\r\n      <\/div>\r\n      <!-- END: Informaci\u00f3n de la sucursal -->\r\n\r\n      <!-- BEGIN: Imagen de Sucursal -->\r\n      <div class=\"col-md-3 sucursalCover\"\r\n        style=\"background: url('https:\/\/www.lacontravinos.com\/ensenada\/wp-content\/uploads\/2022\/03\/Merida1-La-Contra.png');\">\r\n      <\/div>\r\n      <!-- END: Imagen de sucursal -->\r\n\r\n\r\n      <!-- BEGIN: Informaci\u00f3n de sucursal -->\r\n      <div class=\"col-md-3 sucursalInfo pt-5\" style=\"background-color: black;\">\r\n        <p style=\"font-size: 24px\" class=\"mb-5\">Oaxaca<\/p>\r\n\r\n        <p>Calzada de la Rep\u00fablica 312<\/p>\r\n        <p>Col. Centro, Oaxaca, Oaxaca<\/p>\r\n        <p>CP 68080<\/p>\r\n        <p>Tel.(951) 513.6155<\/p>\r\n\r\n        <p>lacontra@losdanzantes.com<\/p>\r\n\r\n        <div class=\"sociales\">\r\n          <a href=\"https:\/\/www.facebook.com\/lacontraoaxaca\/\">\r\n            <img decoding=\"async\" class=\"sociales-icono\"\r\n              src=\"https:\/\/i0.wp.com\/www.lacontravinos.com\/ensenada\/wp-content\/uploads\/2022\/02\/Facebook.png?w=940&#038;ssl=1\" data-recalc-dims=\"1\" \/>\r\n          <\/a>\r\n\r\n          <a href=\"https:\/\/www.instagram.com\/lacontraoax\/\">\r\n            <img decoding=\"async\" class=\"sociales-icono\"\r\n              src=\"https:\/\/i0.wp.com\/www.lacontravinos.com\/ensenada\/wp-content\/uploads\/2022\/02\/Instagram.png?w=940&#038;ssl=1\" data-recalc-dims=\"1\" \/>\r\n          <\/a>\r\n\r\n          <a href=\"tel:9515152335\">\r\n            <img decoding=\"async\" class=\"sociales-icono\" src=\"https:\/\/i0.wp.com\/www.lacontravinos.com\/ensenada\/wp-content\/uploads\/2022\/02\/Telefono.png?w=940&#038;ssl=1\"\r\n              alt=\"Tel\u00e9fono\" data-recalc-dims=\"1\">\r\n          <\/a>\r\n        <\/div>\r\n      <\/div>\r\n      <!-- END: Informaci\u00f3n de la sucursal -->\r\n\r\n      <!-- BEGIN: Imagen de Sucursal -->\r\n      <div class=\"col-md-3 sucursalCover\"\r\n        style=\"background: url('https:\/\/www.lacontravinos.com\/ensenada\/wp-content\/uploads\/2022\/03\/Oaxaca-La-Contra.png');\">\r\n      <\/div>\r\n      <!-- END: Imagen de sucursal -->\r\n\r\n    <\/div>\r\n\r\n    <div class=\"row\">\r\n\r\n      \r\n    <\/div>\r\n    \r\n  <\/div>\t\t<\/div>\n\t\t\t\t<\/div>\n\t\t\t\t\t\t<\/div>\n\t\t\t\t\t<\/div>\n\t\t<\/div>\n\t\t\t\t\t\t\t\t<\/div>\n\t\t\t\t\t<\/div>\n\t\t<\/section>\n\t\t\t\t\t\t\t\t\t<\/div>\n\t\t\t<\/div>\n\t\t\t\t\t<\/div>\n\t\t","protected":false},"excerpt":{"rendered":"<p>Ensenada Moctezuma 623 Zona Centro Ensenada, B.C. CP 22800 Tel.(646)178.8213 vinoslacontra@gmail.com Tijuana Av. Brasil 9151 Local 4, Plaza Brasil Col. Cacho Tijuana, B.C. CP 22040 Tel.(664)634.1305 lacontratijuana@gmail.com Guadalajara Jos\u00e9 Guadalupe Zuno 2129 Col. Americana, Guadalajara, Jalisco, CP 44160 Tel.(33)3615.3754 lacontraguadalajara@gmail.com Quer\u00e9taro Av. Juriquilla #101 Local 2 Plaza La Esquina, Villas del Mes\u00f3n CP 76226 Tel.(442) [&hellip;]<\/p>\n","protected":false},"author":1,"featured_media":0,"parent":0,"menu_order":0,"comment_status":"closed","ping_status":"closed","template":"","meta":{"ngg_post_thumbnail":0,"spay_email":"","footnotes":""},"class_list":["post-12814","page","type-page","status-publish","hentry"],"jetpack-related-posts":[{"id":15488,"url":"https:\/\/lacontravinos.com\/merida\/zonas-vinicolas\/","url_meta":{"origin":12814,"position":0},"title":"Zonas Vin\u00edcolas","date":"14 marzo, 2022","format":false,"excerpt":"Valle de Guadalupe San Antonio de las Minas Valle de San Vicente Valle de Ojos Negros Valle de la Grulla Quer\u00e9taro Guanajuato San Luis Potos\u00ed Chihuahua Coahuila Zacatecas","rel":"","context":"Entrada similar ","img":{"alt_text":"","src":"","width":0,"height":0},"classes":[]},{"id":14425,"url":"https:\/\/lacontravinos.com\/merida\/zona-vinicola\/","url_meta":{"origin":12814,"position":1},"title":"Zona Vin\u00edcola","date":"16 febrero, 2022","format":false,"excerpt":"Archivos de la Marca vin\u00edcola.ai vin\u00edcola.eps vin\u00edcola.png Nombre de la vin\u00edcola Lorem ipsum dolor sit amet, consectetur adipiscing elit. Pellentesque ac ipsum eros. Sed feugiat scelerisque ipsum in ultricies. Cras auctor at odio eu auctor. Duis fringilla hendrerit quam, id consectetur massa posuere eget. Vivamus quis placerat massa, eu vulputate\u2026","rel":"","context":"Entrada similar ","img":{"alt_text":"","src":"","width":0,"height":0},"classes":[]}],"_links":{"self":[{"href":"https:\/\/lacontravinos.com\/merida\/wp-json\/wp\/v2\/pages\/12814","targetHints":{"allow":["GET"]}}],"collection":[{"href":"https:\/\/lacontravinos.com\/merida\/wp-json\/wp\/v2\/pages"}],"about":[{"href":"https:\/\/lacontravinos.com\/merida\/wp-json\/wp\/v2\/types\/page"}],"author":[{"embeddable":true,"href":"https:\/\/lacontravinos.com\/merida\/wp-json\/wp\/v2\/users\/1"}],"replies":[{"embeddable":true,"href":"https:\/\/lacontravinos.com\/merida\/wp-json\/wp\/v2\/comments?post=12814"}],"version-history":[{"count":446,"href":"https:\/\/lacontravinos.com\/merida\/wp-json\/wp\/v2\/pages\/12814\/revisions"}],"predecessor-version":[{"id":16770,"href":"https:\/\/lacontravinos.com\/merida\/wp-json\/wp\/v2\/pages\/12814\/revisions\/16770"}],"wp:attachment":[{"href":"https:\/\/lacontravinos.com\/merida\/wp-json\/wp\/v2\/media?parent=12814"}],"curies":[{"name":"wp","href":"https:\/\/api.w.org\/{rel}","templated":true}]}}