{"id":12077,"date":"2021-10-13T13:18:58","date_gmt":"2021-10-13T18:18:58","guid":{"rendered":"https:\/\/contravinos.pcbtroniks.com\/product\/balero-ad-balero-blanco\/"},"modified":"2026-04-16T07:59:34","modified_gmt":"2026-04-16T13:59:34","slug":"balero-ad-balero-blanco","status":"publish","type":"product","link":"https:\/\/lacontravinos.com\/guadalajara\/product\/balero-ad-balero-blanco\/","title":{"rendered":"Balero Blanco"},"content":{"rendered":"","protected":false},"excerpt":{"rendered":"<p><strong>Regi\u00f3n<\/strong><br \/>\nValle de Col\u00f3n, Quer\u00e9taro, M\u00e9xico<\/p>\n<p><strong>Vinicultura<br \/>\n&#8211;<\/strong><\/p>\n<p><strong>Variedad(es)<\/strong><br \/>\n<span data-sheets-value=\"{&quot;1&quot;:2,&quot;2&quot;:&quot;Chenin Blanc&quot;}\" data-sheets-userformat=\"{&quot;2&quot;:14845,&quot;3&quot;:{&quot;1&quot;:0,&quot;3&quot;:1},&quot;5&quot;:{&quot;1&quot;:[{&quot;1&quot;:2,&quot;2&quot;:0,&quot;5&quot;:{&quot;1&quot;:2,&quot;2&quot;:0}},{&quot;1&quot;:0,&quot;2&quot;:0,&quot;3&quot;:3},{&quot;1&quot;:1,&quot;2&quot;:0,&quot;4&quot;:1}]},&quot;6&quot;:{&quot;1&quot;:[{&quot;1&quot;:2,&quot;2&quot;:0,&quot;5&quot;:{&quot;1&quot;:2,&quot;2&quot;:0}},{&quot;1&quot;:0,&quot;2&quot;:0,&quot;3&quot;:3},{&quot;1&quot;:1,&quot;2&quot;:0,&quot;4&quot;:1}]},&quot;7&quot;:{&quot;1&quot;:[{&quot;1&quot;:2,&quot;2&quot;:0,&quot;5&quot;:{&quot;1&quot;:2,&quot;2&quot;:0}},{&quot;1&quot;:0,&quot;2&quot;:0,&quot;3&quot;:3},{&quot;1&quot;:1,&quot;2&quot;:0,&quot;4&quot;:1}]},&quot;8&quot;:{&quot;1&quot;:[{&quot;1&quot;:2,&quot;2&quot;:0,&quot;5&quot;:{&quot;1&quot;:2,&quot;2&quot;:0}},{&quot;1&quot;:0,&quot;2&quot;:0,&quot;3&quot;:3},{&quot;1&quot;:1,&quot;2&quot;:0,&quot;4&quot;:1}]},&quot;9&quot;:1,&quot;10&quot;:1,&quot;11&quot;:4,&quot;14&quot;:{&quot;1&quot;:3,&quot;3&quot;:1},&quot;15&quot;:&quot;Calibri&quot;,&quot;16&quot;:12}\">Chenin Blanc<\/span><\/p>\n<p><strong>A\u00f1ejamiento<br \/>\n<\/strong>Sin contacto con barrica<\/p>\n<p><strong>A\u00f1ada<br \/>\n<\/strong>A\/D<\/p>\n","protected":false},"featured_media":16497,"comment_status":"open","ping_status":"closed","template":"","meta":{"ngg_post_thumbnail":0},"product_cat":[216,15,61,300],"product_tag":[382,360],"class_list":["post-12077","product","type-product","status-publish","has-post-thumbnail","hentry","product_brand-balero","product_cat-vinicola-balero","product_cat-los-vinos-mexicanos","product_cat-vino-blanco-mexicano","product_cat-zona-vitivinicola-de-queretaro","product_tag-balero","product_tag-chenin-blanc","pa_varietales-chenin-blanc"],"_links":{"self":[{"href":"https:\/\/lacontravinos.com\/guadalajara\/wp-json\/wp\/v2\/product\/12077","targetHints":{"allow":["GET"]}}],"collection":[{"href":"https:\/\/lacontravinos.com\/guadalajara\/wp-json\/wp\/v2\/product"}],"about":[{"href":"https:\/\/lacontravinos.com\/guadalajara\/wp-json\/wp\/v2\/types\/product"}],"replies":[{"embeddable":true,"href":"https:\/\/lacontravinos.com\/guadalajara\/wp-json\/wp\/v2\/comments?post=12077"}],"wp:featuredmedia":[{"embeddable":true,"href":"https:\/\/lacontravinos.com\/guadalajara\/wp-json\/wp\/v2\/media\/16497"}],"wp:attachment":[{"href":"https:\/\/lacontravinos.com\/guadalajara\/wp-json\/wp\/v2\/media?parent=12077"}],"wp:term":[{"taxonomy":"product_cat","embeddable":true,"href":"https:\/\/lacontravinos.com\/guadalajara\/wp-json\/wp\/v2\/product_cat?post=12077"},{"taxonomy":"product_tag","embeddable":true,"href":"https:\/\/lacontravinos.com\/guadalajara\/wp-json\/wp\/v2\/product_tag?post=12077"}],"curies":[{"name":"wp","href":"https:\/\/api.w.org\/{rel}","templated":true}]}}