{"id":11989,"date":"2021-10-13T13:18:45","date_gmt":"2021-10-13T18:18:45","guid":{"rendered":"https:\/\/contravinos.pcbtroniks.com\/product\/cava-57-ad-blanco-palomas-semi-espumoso\/"},"modified":"2026-04-15T11:58:38","modified_gmt":"2026-04-15T17:58:38","slug":"cava-57-ad-blanco-palomas-semi-espumoso","status":"publish","type":"product","link":"https:\/\/lacontravinos.com\/guadalajara\/product\/cava-57-ad-blanco-palomas-semi-espumoso\/","title":{"rendered":"Palomas Semi"},"content":{"rendered":"","protected":false},"excerpt":{"rendered":"<p><strong>Regi\u00f3n<\/strong><br \/>\nSan Juan del R\u00edo, Quer\u00e9taro, M\u00e9xico<\/p>\n<p><strong>Vinicultura<\/strong><br \/>\nLluis Ravent\u00f3s<\/p>\n<p><strong>Variedad(es)<\/strong><br \/>\nMacabeo, Xarel-lo, Parellada<\/p>\n<p><strong>A\u00f1ejamiento<br \/>\n<\/strong><span data-sheets-value=\"{&quot;1&quot;:2,&quot;2&quot;:&quot;12 meses en l\u00edas&quot;}\" data-sheets-userformat=\"{&quot;2&quot;:15101,&quot;3&quot;:{&quot;1&quot;:0},&quot;5&quot;:{&quot;1&quot;:[{&quot;1&quot;:2,&quot;2&quot;:0,&quot;5&quot;:{&quot;1&quot;:2,&quot;2&quot;:0}},{&quot;1&quot;:0,&quot;2&quot;:0,&quot;3&quot;:3},{&quot;1&quot;:1,&quot;2&quot;:0,&quot;4&quot;:1}]},&quot;6&quot;:{&quot;1&quot;:[{&quot;1&quot;:2,&quot;2&quot;:0,&quot;5&quot;:{&quot;1&quot;:2,&quot;2&quot;:0}},{&quot;1&quot;:0,&quot;2&quot;:0,&quot;3&quot;:3},{&quot;1&quot;:1,&quot;2&quot;:0,&quot;4&quot;:1}]},&quot;7&quot;:{&quot;1&quot;:[{&quot;1&quot;:2,&quot;2&quot;:0,&quot;5&quot;:{&quot;1&quot;:2,&quot;2&quot;:0}},{&quot;1&quot;:0,&quot;2&quot;:0,&quot;3&quot;:3},{&quot;1&quot;:1,&quot;2&quot;:0,&quot;4&quot;:1}]},&quot;8&quot;:{&quot;1&quot;:[{&quot;1&quot;:2,&quot;2&quot;:0,&quot;5&quot;:{&quot;1&quot;:2,&quot;2&quot;:0}},{&quot;1&quot;:0,&quot;2&quot;:0,&quot;3&quot;:3},{&quot;1&quot;:1,&quot;2&quot;:0,&quot;4&quot;:1}]},&quot;9&quot;:1,&quot;10&quot;:1,&quot;12&quot;:0,&quot;14&quot;:{&quot;1&quot;:3,&quot;3&quot;:1},&quot;15&quot;:&quot;Calibri&quot;,&quot;16&quot;:13}\">12 meses en l\u00edas<\/span><\/p>\n<p><strong>A\u00f1ada<br \/>\n<\/strong>A\/D<\/p>\n","protected":false},"featured_media":16425,"comment_status":"open","ping_status":"closed","template":"","meta":{"ngg_post_thumbnail":0},"product_cat":[222,15,114,300],"product_tag":[],"class_list":["post-11989","product","type-product","status-publish","has-post-thumbnail","hentry","product_brand-cava-57","product_cat-vinicola-cava-57","product_cat-los-vinos-mexicanos","product_cat-vino-espumoso-mexicano","product_cat-zona-vitivinicola-de-queretaro","pa_varietales-macabeo","pa_varietales-parellada","pa_varietales-xarel-lo"],"_links":{"self":[{"href":"https:\/\/lacontravinos.com\/guadalajara\/wp-json\/wp\/v2\/product\/11989","targetHints":{"allow":["GET"]}}],"collection":[{"href":"https:\/\/lacontravinos.com\/guadalajara\/wp-json\/wp\/v2\/product"}],"about":[{"href":"https:\/\/lacontravinos.com\/guadalajara\/wp-json\/wp\/v2\/types\/product"}],"replies":[{"embeddable":true,"href":"https:\/\/lacontravinos.com\/guadalajara\/wp-json\/wp\/v2\/comments?post=11989"}],"wp:featuredmedia":[{"embeddable":true,"href":"https:\/\/lacontravinos.com\/guadalajara\/wp-json\/wp\/v2\/media\/16425"}],"wp:attachment":[{"href":"https:\/\/lacontravinos.com\/guadalajara\/wp-json\/wp\/v2\/media?parent=11989"}],"wp:term":[{"taxonomy":"product_cat","embeddable":true,"href":"https:\/\/lacontravinos.com\/guadalajara\/wp-json\/wp\/v2\/product_cat?post=11989"},{"taxonomy":"product_tag","embeddable":true,"href":"https:\/\/lacontravinos.com\/guadalajara\/wp-json\/wp\/v2\/product_tag?post=11989"}],"curies":[{"name":"wp","href":"https:\/\/api.w.org\/{rel}","templated":true}]}}